{"id":1707,"date":"2023-11-21T14:56:48","date_gmt":"2023-11-21T14:56:48","guid":{"rendered":"https:\/\/meetupargentina.com\/?page_id=1707"},"modified":"2023-11-21T15:21:42","modified_gmt":"2023-11-21T15:21:42","slug":"2021-2","status":"publish","type":"page","link":"https:\/\/meetupargentina.com\/?page_id=1707","title":{"rendered":"2021"},"content":{"rendered":"<p>[et_pb_section fb_built=&#8221;1&#8243; next_background_color=&#8221;#0060FF&#8221; disabled_on=&#8221;off|off|off&#8221; _builder_version=&#8221;4.23.1&#8243; _module_preset=&#8221;default&#8221; use_background_color_gradient=&#8221;on&#8221; background_color_gradient_stops=&#8221;rgba(0,85,255,0.88) 0%|rgba(41,196,169,0.87) 100%&#8221; background_color_gradient_overlays_image=&#8221;on&#8221; background_image=&#8221;http:\/\/meetupargentina.com\/wp-content\/uploads\/2023\/11\/Meet-Up-2021-B-171.jpg&#8221; background_enable_video_mp4=&#8221;off&#8221; custom_padding=&#8221;176px||200px||false|false&#8221; bottom_divider_style=&#8221;curve&#8221; global_colors_info=&#8221;{}&#8221;][et_pb_row _builder_version=&#8221;4.16&#8243; _module_preset=&#8221;default&#8221; global_colors_info=&#8221;{}&#8221;][et_pb_column type=&#8221;4_4&#8243; _builder_version=&#8221;4.16&#8243; _module_preset=&#8221;default&#8221; global_colors_info=&#8221;{}&#8221;][et_pb_text _builder_version=&#8221;4.17.4&#8243; _module_preset=&#8221;default&#8221; text_text_color=&#8221;#ffffff&#8221; text_font_size=&#8221;54px&#8221; text_line_height=&#8221;1.8em&#8221; text_orientation=&#8221;center&#8221; custom_margin=&#8221;||-2px|||&#8221; global_colors_info=&#8221;{}&#8221;]<\/p>\n<p>Meet Up Argentina 2021<\/p>\n<p>[\/et_pb_text][et_pb_text _builder_version=&#8221;4.17.4&#8243; _module_preset=&#8221;default&#8221; text_text_color=&#8221;#ffffff&#8221; text_font_size=&#8221;19px&#8221; text_orientation=&#8221;center&#8221; global_colors_info=&#8221;{}&#8221;]<\/p>\n<p>Reviv\u00ed todo lo que fue esta edici\u00f3n del evento m\u00e1s importante de la Industria de Reuniones.<\/p>\n<p>[\/et_pb_text][\/et_pb_column][\/et_pb_row][\/et_pb_section][et_pb_section fb_built=&#8221;1&#8243; _builder_version=&#8221;4.16&#8243; _module_preset=&#8221;default&#8221; background_color=&#8221;#0060FF&#8221; bottom_divider_style=&#8221;curve2&#8243; bottom_divider_color=&#8221;#ffffff&#8221; global_colors_info=&#8221;{}&#8221;][et_pb_row disabled_on=&#8221;off|off|off&#8221; _builder_version=&#8221;4.23.1&#8243; _module_preset=&#8221;default&#8221; custom_margin=&#8221;|auto|38px|auto||&#8221; global_colors_info=&#8221;{}&#8221;][et_pb_column type=&#8221;4_4&#8243; _builder_version=&#8221;4.16&#8243; _module_preset=&#8221;default&#8221; global_colors_info=&#8221;{}&#8221;][et_pb_video src=&#8221;http:\/\/meetupargentina.com\/wp-content\/uploads\/2023\/11\/Meet-Up-Highlight-full-edit.mp4&#8243; image_src=&#8221;http:\/\/meetupargentina.com\/wp-content\/uploads\/2023\/11\/Copia-de-Meet-Up-2021-B-104.jpg&#8221; play_icon_color=&#8221;#ffffff&#8221; _builder_version=&#8221;4.23.1&#8243; _module_preset=&#8221;default&#8221; hover_enabled=&#8221;0&#8243; global_colors_info=&#8221;{}&#8221; title_text=&#8221;Meet Up Highlight full edit&#8221; sticky_enabled=&#8221;0&#8243;][\/et_pb_video][\/et_pb_column][\/et_pb_row][\/et_pb_section][et_pb_section fb_built=&#8221;1&#8243; disabled_on=&#8221;off|off|off&#8221; _builder_version=&#8221;4.16&#8243; _module_preset=&#8221;default&#8221; background_color=&#8221;RGBA(255,255,255,0)&#8221; custom_padding=&#8221;||0px|||&#8221; global_colors_info=&#8221;{}&#8221;][et_pb_row use_custom_gutter=&#8221;on&#8221; gutter_width=&#8221;1&#8243; make_equal=&#8221;on&#8221; _builder_version=&#8221;4.16&#8243; _module_preset=&#8221;default&#8221; width=&#8221;81%&#8221; max_width=&#8221;2560px&#8221; global_colors_info=&#8221;{}&#8221;][et_pb_column type=&#8221;4_4&#8243; _builder_version=&#8221;4.16&#8243; _module_preset=&#8221;default&#8221; global_colors_info=&#8221;{}&#8221;][et_pb_gallery gallery_ids=&#8221;1555,1529,1556,1557,1558,1559,1560,1561,1562,1563,1564,1565,1566,1567,1568,1569,1570,46,1571,1572,1573,1574,1575,1576,1577,1578,1579,1580,1581,1582,1583,1532,1584,1585,1586,1587,1588,1589,1590,1591,1592,1593,1594,1595,1596,1597,1598,1599,1600,1601,1602,1603,1604,1605,1606,1607,1608,1609,1610,1611,1612,1613,1614,1615,1616,1617,1618,1619,1620,1621,1622,1623,1624,1625,1626,1627,1628,1629,1630,1631,1632,1633,1634,1556,1557,1617,1618&#8243; gallery_orderby=&#8221;rand&#8221; posts_number=&#8221;20&#8243; show_title_and_caption=&#8221;off&#8221; zoom_icon_color=&#8221;#1BA9E2&#8243; hover_overlay_color=&#8221;rgba(0,0,0,0.57)&#8221; hover_icon=&#8221;&#xe054;||divi||400&#8243; _builder_version=&#8221;4.16&#8243; _module_preset=&#8221;default&#8221; pagination_font=&#8221;|700|||||||&#8221; pagination_text_color=&#8221;#8126DE&#8221; custom_padding=&#8221;||0px|||&#8221; box_shadow_style_image=&#8221;preset3&#8243; global_colors_info=&#8221;{}&#8221;][\/et_pb_gallery][\/et_pb_column][\/et_pb_row][\/et_pb_section]<\/p>\n","protected":false},"excerpt":{"rendered":"<p>Meet Up Argentina 2021Reviv\u00ed todo lo que fue esta edici\u00f3n del evento m\u00e1s importante de la Industria de Reuniones.<\/p>\n","protected":false},"author":1,"featured_media":0,"parent":0,"menu_order":0,"comment_status":"closed","ping_status":"closed","template":"","meta":{"_et_pb_use_builder":"on","_et_pb_old_content":"","_et_gb_content_width":"","footnotes":""},"_links":{"self":[{"href":"https:\/\/meetupargentina.com\/index.php?rest_route=\/wp\/v2\/pages\/1707"}],"collection":[{"href":"https:\/\/meetupargentina.com\/index.php?rest_route=\/wp\/v2\/pages"}],"about":[{"href":"https:\/\/meetupargentina.com\/index.php?rest_route=\/wp\/v2\/types\/page"}],"author":[{"embeddable":true,"href":"https:\/\/meetupargentina.com\/index.php?rest_route=\/wp\/v2\/users\/1"}],"replies":[{"embeddable":true,"href":"https:\/\/meetupargentina.com\/index.php?rest_route=%2Fwp%2Fv2%2Fcomments&post=1707"}],"version-history":[{"count":6,"href":"https:\/\/meetupargentina.com\/index.php?rest_route=\/wp\/v2\/pages\/1707\/revisions"}],"predecessor-version":[{"id":1727,"href":"https:\/\/meetupargentina.com\/index.php?rest_route=\/wp\/v2\/pages\/1707\/revisions\/1727"}],"wp:attachment":[{"href":"https:\/\/meetupargentina.com\/index.php?rest_route=%2Fwp%2Fv2%2Fmedia&parent=1707"}],"curies":[{"name":"wp","href":"https:\/\/api.w.org\/{rel}","templated":true}]}}